{"id":1675,"date":"2023-05-29T18:53:21","date_gmt":"2023-05-29T18:53:21","guid":{"rendered":"https:\/\/batirjeunesseausoleil.org\/nouvelles\/"},"modified":"2024-09-23T14:10:53","modified_gmt":"2024-09-23T14:10:53","slug":"nouvelles","status":"publish","type":"page","link":"https:\/\/batirjeunesseausoleil.org\/fr\/nouvelles\/","title":{"rendered":"Nouvelles"},"content":{"rendered":"\t\t<div data-elementor-type=\"wp-page\" data-elementor-id=\"1675\" class=\"elementor elementor-1675 elementor-1673\" data-elementor-post-type=\"page\">\n\t\t\t\t\t\t<section class=\"elementor-section elementor-top-section elementor-element elementor-element-60a8a2d elementor-section-content-middle elementor-section-boxed elementor-section-height-default elementor-section-height-default\" data-id=\"60a8a2d\" data-element_type=\"section\" data-e-type=\"section\">\n\t\t\t\t\t\t<div class=\"elementor-container elementor-column-gap-default\">\n\t\t\t\t\t<div class=\"elementor-column elementor-col-50 elementor-top-column elementor-element elementor-element-c39adf2\" data-id=\"c39adf2\" data-element_type=\"column\" data-e-type=\"column\">\n\t\t\t<div class=\"elementor-widget-wrap elementor-element-populated\">\n\t\t\t\t\t\t<div class=\"elementor-element elementor-element-a0c9780 animated-slow elementor-invisible elementor-widget elementor-widget-heading\" data-id=\"a0c9780\" data-element_type=\"widget\" data-e-type=\"widget\" data-settings=\"{&quot;_animation&quot;:&quot;fadeIn&quot;}\" data-widget_type=\"heading.default\">\n\t\t\t\t<div class=\"elementor-widget-container\">\n\t\t\t\t\t<h2 class=\"elementor-heading-title elementor-size-default\">Derni\u00e8res nouvelles<\/h2>\t\t\t\t<\/div>\n\t\t\t\t<\/div>\n\t\t\t\t\t<\/div>\n\t\t<\/div>\n\t\t\t\t<div class=\"elementor-column elementor-col-50 elementor-top-column elementor-element elementor-element-2e043a0\" data-id=\"2e043a0\" data-element_type=\"column\" data-e-type=\"column\">\n\t\t\t<div class=\"elementor-widget-wrap\">\n\t\t\t\t\t\t\t<\/div>\n\t\t<\/div>\n\t\t\t\t\t<\/div>\n\t\t<\/section>\n\t\t\t\t<section class=\"elementor-section elementor-top-section elementor-element elementor-element-d3b5912 elementor-section-boxed elementor-section-height-default elementor-section-height-default\" data-id=\"d3b5912\" data-element_type=\"section\" data-e-type=\"section\">\n\t\t\t\t\t\t<div class=\"elementor-container elementor-column-gap-default\">\n\t\t\t\t\t<div class=\"elementor-column elementor-col-100 elementor-top-column elementor-element elementor-element-04f68b8\" data-id=\"04f68b8\" data-element_type=\"column\" data-e-type=\"column\">\n\t\t\t<div class=\"elementor-widget-wrap elementor-element-populated\">\n\t\t\t\t\t\t<div class=\"elementor-element elementor-element-a49faad home-blog-posts elementor-grid-3 elementor-grid-tablet-2 elementor-grid-mobile-1 elementor-posts--thumbnail-top elementor-widget elementor-widget-posts\" data-id=\"a49faad\" data-element_type=\"widget\" data-e-type=\"widget\" data-settings=\"{&quot;classic_columns&quot;:&quot;3&quot;,&quot;classic_columns_tablet&quot;:&quot;2&quot;,&quot;classic_columns_mobile&quot;:&quot;1&quot;,&quot;classic_row_gap&quot;:{&quot;unit&quot;:&quot;px&quot;,&quot;size&quot;:35,&quot;sizes&quot;:[]},&quot;classic_row_gap_tablet&quot;:{&quot;unit&quot;:&quot;px&quot;,&quot;size&quot;:&quot;&quot;,&quot;sizes&quot;:[]},&quot;classic_row_gap_mobile&quot;:{&quot;unit&quot;:&quot;px&quot;,&quot;size&quot;:&quot;&quot;,&quot;sizes&quot;:[]}}\" data-widget_type=\"posts.classic\">\n\t\t\t\t<div class=\"elementor-widget-container\">\n\t\t\t\t\t\t\t<div class=\"elementor-posts-container elementor-posts elementor-posts--skin-classic elementor-grid\">\n\t\t\t\t<article class=\"elementor-post elementor-grid-item post-2776 post type-post status-publish format-standard has-post-thumbnail hentry category-non-classifiee\">\n\t\t\t\t<a class=\"elementor-post__thumbnail__link\" href=\"https:\/\/batirjeunesseausoleil.org\/fr\/2024\/10\/29\/ceremonie-de-pose-de-la-premiere-pierre\/\" tabindex=\"-1\" >\n\t\t\t<div class=\"elementor-post__thumbnail\"><img fetchpriority=\"high\" decoding=\"async\" width=\"300\" height=\"200\" src=\"https:\/\/batirjeunesseausoleil.org\/wp-content\/uploads\/2024\/10\/1H1A7236-300x200.jpg\" class=\"attachment-medium size-medium wp-image-2669\" alt=\"\" srcset=\"https:\/\/batirjeunesseausoleil.org\/wp-content\/uploads\/2024\/10\/1H1A7236-300x200.jpg 300w, https:\/\/batirjeunesseausoleil.org\/wp-content\/uploads\/2024\/10\/1H1A7236-1024x683.jpg 1024w, https:\/\/batirjeunesseausoleil.org\/wp-content\/uploads\/2024\/10\/1H1A7236-768x512.jpg 768w, https:\/\/batirjeunesseausoleil.org\/wp-content\/uploads\/2024\/10\/1H1A7236-1536x1024.jpg 1536w, https:\/\/batirjeunesseausoleil.org\/wp-content\/uploads\/2024\/10\/1H1A7236.jpg 2048w\" sizes=\"(max-width: 300px) 100vw, 300px\" \/><\/div>\n\t\t<\/a>\n\t\t\t\t<div class=\"elementor-post__text\">\n\t\t\t\t<h3 class=\"elementor-post__title\">\n\t\t\t<a href=\"https:\/\/batirjeunesseausoleil.org\/fr\/2024\/10\/29\/ceremonie-de-pose-de-la-premiere-pierre\/\" >\n\t\t\t\tPellet\u00e9e de terre\t\t\t<\/a>\n\t\t<\/h3>\n\t\t\t\t<div class=\"elementor-post__excerpt\">\n\t\t\t<p>L&#8217;attente est enfin termin\u00e9e ! Apr\u00e8s des ann\u00e9es de r\u00eaves, de remises en question, de planification, de calculs et, oui, de collecte de fonds, Jeunesse<\/p>\n\t\t<\/div>\n\t\t\n\t\t<a class=\"elementor-post__read-more\" href=\"https:\/\/batirjeunesseausoleil.org\/fr\/2024\/10\/29\/ceremonie-de-pose-de-la-premiere-pierre\/\" aria-label=\"En savoir plus sur Pellet\u00e9e de terre\" tabindex=\"-1\" >\n\t\t\tLire la suite &gt;\t\t<\/a>\n\n\t\t\t\t<\/div>\n\t\t\t\t<\/article>\n\t\t\t\t<article class=\"elementor-post elementor-grid-item post-2275 post type-post status-publish format-standard has-post-thumbnail hentry category-non-classifiee\">\n\t\t\t\t<a class=\"elementor-post__thumbnail__link\" href=\"https:\/\/batirjeunesseausoleil.org\/fr\/2024\/09\/23\/la-construction-a-commence\/\" tabindex=\"-1\" >\n\t\t\t<div class=\"elementor-post__thumbnail\"><img decoding=\"async\" width=\"300\" height=\"225\" src=\"https:\/\/batirjeunesseausoleil.org\/wp-content\/uploads\/2024\/09\/IMG_2861-300x225.jpg\" class=\"attachment-medium size-medium wp-image-2271\" alt=\"\" srcset=\"https:\/\/batirjeunesseausoleil.org\/wp-content\/uploads\/2024\/09\/IMG_2861-300x225.jpg 300w, https:\/\/batirjeunesseausoleil.org\/wp-content\/uploads\/2024\/09\/IMG_2861-1024x768.jpg 1024w, https:\/\/batirjeunesseausoleil.org\/wp-content\/uploads\/2024\/09\/IMG_2861-768x576.jpg 768w, https:\/\/batirjeunesseausoleil.org\/wp-content\/uploads\/2024\/09\/IMG_2861-1536x1152.jpg 1536w, https:\/\/batirjeunesseausoleil.org\/wp-content\/uploads\/2024\/09\/IMG_2861-2048x1536.jpg 2048w\" sizes=\"(max-width: 300px) 100vw, 300px\" \/><\/div>\n\t\t<\/a>\n\t\t\t\t<div class=\"elementor-post__text\">\n\t\t\t\t<h3 class=\"elementor-post__title\">\n\t\t\t<a href=\"https:\/\/batirjeunesseausoleil.org\/fr\/2024\/09\/23\/la-construction-a-commence\/\" >\n\t\t\t\tLa construction a commenc\u00e9 !\t\t\t<\/a>\n\t\t<\/h3>\n\t\t\t\t<div class=\"elementor-post__excerpt\">\n\t\t\t<p>Entre bonnes mains Nous sommes tr\u00e8s fiers d&#8217;annoncer que la firme\u00a0JCB Construction Canada\u00a0a \u00e9t\u00e9 choisie pour\u00a0r\u00e9aliser les travaux de construction. Avec pr\u00e8s de 40 ans<\/p>\n\t\t<\/div>\n\t\t\n\t\t<a class=\"elementor-post__read-more\" href=\"https:\/\/batirjeunesseausoleil.org\/fr\/2024\/09\/23\/la-construction-a-commence\/\" aria-label=\"En savoir plus sur La construction a commenc\u00e9 !\" tabindex=\"-1\" >\n\t\t\tLire la suite &gt;\t\t<\/a>\n\n\t\t\t\t<\/div>\n\t\t\t\t<\/article>\n\t\t\t\t<article class=\"elementor-post elementor-grid-item post-1700 post type-post status-publish format-standard has-post-thumbnail hentry category-non-classifiee\">\n\t\t\t\t<a class=\"elementor-post__thumbnail__link\" href=\"https:\/\/batirjeunesseausoleil.org\/fr\/2023\/06\/14\/don-majeur-de-la-fondation-mirella-et-lino-saputo\/\" tabindex=\"-1\" >\n\t\t\t<div class=\"elementor-post__thumbnail\"><img decoding=\"async\" width=\"300\" height=\"169\" src=\"https:\/\/batirjeunesseausoleil.org\/wp-content\/uploads\/2023\/06\/U4A5619-Edit-300x169.jpg\" class=\"attachment-medium size-medium wp-image-1702\" alt=\"\" srcset=\"https:\/\/batirjeunesseausoleil.org\/wp-content\/uploads\/2023\/06\/U4A5619-Edit-300x169.jpg 300w, https:\/\/batirjeunesseausoleil.org\/wp-content\/uploads\/2023\/06\/U4A5619-Edit-1024x576.jpg 1024w, https:\/\/batirjeunesseausoleil.org\/wp-content\/uploads\/2023\/06\/U4A5619-Edit-768x432.jpg 768w, https:\/\/batirjeunesseausoleil.org\/wp-content\/uploads\/2023\/06\/U4A5619-Edit-1536x864.jpg 1536w, https:\/\/batirjeunesseausoleil.org\/wp-content\/uploads\/2023\/06\/U4A5619-Edit-2048x1152.jpg 2048w\" sizes=\"(max-width: 300px) 100vw, 300px\" \/><\/div>\n\t\t<\/a>\n\t\t\t\t<div class=\"elementor-post__text\">\n\t\t\t\t<h3 class=\"elementor-post__title\">\n\t\t\t<a href=\"https:\/\/batirjeunesseausoleil.org\/fr\/2023\/06\/14\/don-majeur-de-la-fondation-mirella-et-lino-saputo\/\" >\n\t\t\t\tDon majeur de la Fondation Mirella et Lino Saputo\t\t\t<\/a>\n\t\t<\/h3>\n\t\t\t\t<div class=\"elementor-post__excerpt\">\n\t\t\t<p>13 juin 2023 &#8211; Jeunesse au soleil est tr\u00e8s fi\u00e8re de recevoir un don majeur de 3 millions de dollars de la Fondation Mirella et<\/p>\n\t\t<\/div>\n\t\t\n\t\t<a class=\"elementor-post__read-more\" href=\"https:\/\/batirjeunesseausoleil.org\/fr\/2023\/06\/14\/don-majeur-de-la-fondation-mirella-et-lino-saputo\/\" aria-label=\"En savoir plus sur Don majeur de la Fondation Mirella et Lino Saputo\" tabindex=\"-1\" >\n\t\t\tLire la suite &gt;\t\t<\/a>\n\n\t\t\t\t<\/div>\n\t\t\t\t<\/article>\n\t\t\t\t<article class=\"elementor-post elementor-grid-item post-1496 post type-post status-publish format-standard has-post-thumbnail hentry category-non-classifiee\">\n\t\t\t\t<a class=\"elementor-post__thumbnail__link\" href=\"https:\/\/batirjeunesseausoleil.org\/fr\/2023\/03\/21\/don-majeur-du-cn-a-la-campagne-batir-un-avenir-meilleur\/\" tabindex=\"-1\" >\n\t\t\t<div class=\"elementor-post__thumbnail\"><img loading=\"lazy\" decoding=\"async\" width=\"300\" height=\"169\" src=\"https:\/\/batirjeunesseausoleil.org\/wp-content\/uploads\/2023\/03\/INT_GRADIN_LOGO-CN10-1-300x169.jpg\" class=\"attachment-medium size-medium wp-image-1507\" alt=\"\" srcset=\"https:\/\/batirjeunesseausoleil.org\/wp-content\/uploads\/2023\/03\/INT_GRADIN_LOGO-CN10-1-300x169.jpg 300w, https:\/\/batirjeunesseausoleil.org\/wp-content\/uploads\/2023\/03\/INT_GRADIN_LOGO-CN10-1-1024x576.jpg 1024w, https:\/\/batirjeunesseausoleil.org\/wp-content\/uploads\/2023\/03\/INT_GRADIN_LOGO-CN10-1-768x432.jpg 768w, https:\/\/batirjeunesseausoleil.org\/wp-content\/uploads\/2023\/03\/INT_GRADIN_LOGO-CN10-1-1536x864.jpg 1536w, https:\/\/batirjeunesseausoleil.org\/wp-content\/uploads\/2023\/03\/INT_GRADIN_LOGO-CN10-1-2048x1152.jpg 2048w\" sizes=\"(max-width: 300px) 100vw, 300px\" \/><\/div>\n\t\t<\/a>\n\t\t\t\t<div class=\"elementor-post__text\">\n\t\t\t\t<h3 class=\"elementor-post__title\">\n\t\t\t<a href=\"https:\/\/batirjeunesseausoleil.org\/fr\/2023\/03\/21\/don-majeur-du-cn-a-la-campagne-batir-un-avenir-meilleur\/\" >\n\t\t\t\tDon majeur du CN \u00e0 la campagne B\u00e2tir un avenir meilleur\t\t\t<\/a>\n\t\t<\/h3>\n\t\t\t\t<div class=\"elementor-post__excerpt\">\n\t\t\t<p>21 mars 2023 &#8211; Jeunesse au soleil est tr\u00e8s fi\u00e8re d\u2019annoncer un don majeur de 750 000 $ du CN \u00e0 sa campagne \u00abB\u00e2tir un<\/p>\n\t\t<\/div>\n\t\t\n\t\t<a class=\"elementor-post__read-more\" href=\"https:\/\/batirjeunesseausoleil.org\/fr\/2023\/03\/21\/don-majeur-du-cn-a-la-campagne-batir-un-avenir-meilleur\/\" aria-label=\"En savoir plus sur Don majeur du CN \u00e0 la campagne B\u00e2tir un avenir meilleur\" tabindex=\"-1\" >\n\t\t\tLire la suite &gt;\t\t<\/a>\n\n\t\t\t\t<\/div>\n\t\t\t\t<\/article>\n\t\t\t\t<article class=\"elementor-post elementor-grid-item post-298 post type-post status-publish format-standard has-post-thumbnail hentry category-non-classifiee\">\n\t\t\t\t<a class=\"elementor-post__thumbnail__link\" href=\"https:\/\/batirjeunesseausoleil.org\/fr\/2022\/09\/10\/lancement-de-campagne\/\" tabindex=\"-1\" >\n\t\t\t<div class=\"elementor-post__thumbnail\"><img loading=\"lazy\" decoding=\"async\" width=\"300\" height=\"169\" src=\"https:\/\/batirjeunesseausoleil.org\/wp-content\/uploads\/2023\/02\/Building-hiver-300x169.jpg\" class=\"attachment-medium size-medium wp-image-1277\" alt=\"\" srcset=\"https:\/\/batirjeunesseausoleil.org\/wp-content\/uploads\/2023\/02\/Building-hiver-300x169.jpg 300w, https:\/\/batirjeunesseausoleil.org\/wp-content\/uploads\/2023\/02\/Building-hiver-1024x576.jpg 1024w, https:\/\/batirjeunesseausoleil.org\/wp-content\/uploads\/2023\/02\/Building-hiver-768x432.jpg 768w, https:\/\/batirjeunesseausoleil.org\/wp-content\/uploads\/2023\/02\/Building-hiver-1536x864.jpg 1536w, https:\/\/batirjeunesseausoleil.org\/wp-content\/uploads\/2023\/02\/Building-hiver-2048x1152.jpg 2048w\" sizes=\"(max-width: 300px) 100vw, 300px\" \/><\/div>\n\t\t<\/a>\n\t\t\t\t<div class=\"elementor-post__text\">\n\t\t\t\t<h3 class=\"elementor-post__title\">\n\t\t\t<a href=\"https:\/\/batirjeunesseausoleil.org\/fr\/2022\/09\/10\/lancement-de-campagne\/\" >\n\t\t\t\t14 millions $ pour b\u00e2tir un avenir meilleur.\t\t\t<\/a>\n\t\t<\/h3>\n\t\t\t\t<div class=\"elementor-post__excerpt\">\n\t\t\t<p>C\u2019est sous le th\u00e8me \u00ab B\u00e2tir un avenir meilleur \u00bb que Jeunesse au soleil lance aujourd\u2019hui la premi\u00e8re campagne majeure de financement de son histoire<\/p>\n\t\t<\/div>\n\t\t\n\t\t<a class=\"elementor-post__read-more\" href=\"https:\/\/batirjeunesseausoleil.org\/fr\/2022\/09\/10\/lancement-de-campagne\/\" aria-label=\"En savoir plus sur 14 millions $ pour b\u00e2tir un avenir meilleur.\" tabindex=\"-1\" >\n\t\t\tLire la suite &gt;\t\t<\/a>\n\n\t\t\t\t<\/div>\n\t\t\t\t<\/article>\n\t\t\t\t<article class=\"elementor-post elementor-grid-item post-304 post type-post status-publish format-standard has-post-thumbnail hentry category-non-classifiee\">\n\t\t\t\t<a class=\"elementor-post__thumbnail__link\" href=\"https:\/\/batirjeunesseausoleil.org\/fr\/2022\/09\/10\/les-fondations-familiales\/\" tabindex=\"-1\" >\n\t\t\t<div class=\"elementor-post__thumbnail\"><img loading=\"lazy\" decoding=\"async\" width=\"300\" height=\"207\" src=\"https:\/\/batirjeunesseausoleil.org\/wp-content\/uploads\/2022\/09\/EXT_ETE-1-300x207.jpg\" class=\"attachment-medium size-medium wp-image-1351\" alt=\"\" srcset=\"https:\/\/batirjeunesseausoleil.org\/wp-content\/uploads\/2022\/09\/EXT_ETE-1-300x207.jpg 300w, https:\/\/batirjeunesseausoleil.org\/wp-content\/uploads\/2022\/09\/EXT_ETE-1-1024x707.jpg 1024w, https:\/\/batirjeunesseausoleil.org\/wp-content\/uploads\/2022\/09\/EXT_ETE-1-768x530.jpg 768w, https:\/\/batirjeunesseausoleil.org\/wp-content\/uploads\/2022\/09\/EXT_ETE-1-1536x1061.jpg 1536w, https:\/\/batirjeunesseausoleil.org\/wp-content\/uploads\/2022\/09\/EXT_ETE-1-2048x1414.jpg 2048w\" sizes=\"(max-width: 300px) 100vw, 300px\" \/><\/div>\n\t\t<\/a>\n\t\t\t\t<div class=\"elementor-post__text\">\n\t\t\t\t<h3 class=\"elementor-post__title\">\n\t\t\t<a href=\"https:\/\/batirjeunesseausoleil.org\/fr\/2022\/09\/10\/les-fondations-familiales\/\" >\n\t\t\t\tLes fondations familiales de Montr\u00e9al s\u2019unissent pour soutenir Jeunesse au Soleil\t\t\t<\/a>\n\t\t<\/h3>\n\t\t\t\t<div class=\"elementor-post__excerpt\">\n\t\t\t<p>Plusieurs familles importantes de Montr\u00e9al ont uni leurs efforts pour appuyer la campagne de Jeunesse au Soleil visant \u00e0 b\u00e2tir un avenir meilleur. Dirig\u00e9e par<\/p>\n\t\t<\/div>\n\t\t\n\t\t<a class=\"elementor-post__read-more\" href=\"https:\/\/batirjeunesseausoleil.org\/fr\/2022\/09\/10\/les-fondations-familiales\/\" aria-label=\"En savoir plus sur Les fondations familiales de Montr\u00e9al s\u2019unissent pour soutenir Jeunesse au Soleil\" tabindex=\"-1\" >\n\t\t\tLire la suite &gt;\t\t<\/a>\n\n\t\t\t\t<\/div>\n\t\t\t\t<\/article>\n\t\t\t\t<article class=\"elementor-post elementor-grid-item post-295 post type-post status-publish format-standard has-post-thumbnail hentry category-non-classifiee\">\n\t\t\t\t<a class=\"elementor-post__thumbnail__link\" href=\"https:\/\/batirjeunesseausoleil.org\/fr\/2022\/08\/17\/quest-ce-que-le-lorem-ipsum\/\" tabindex=\"-1\" >\n\t\t\t<div class=\"elementor-post__thumbnail\"><img loading=\"lazy\" decoding=\"async\" width=\"300\" height=\"200\" src=\"https:\/\/batirjeunesseausoleil.org\/wp-content\/uploads\/2022\/08\/1H1A4024-300x200.jpg\" class=\"attachment-medium size-medium wp-image-1023\" alt=\"\" srcset=\"https:\/\/batirjeunesseausoleil.org\/wp-content\/uploads\/2022\/08\/1H1A4024-300x200.jpg 300w, https:\/\/batirjeunesseausoleil.org\/wp-content\/uploads\/2022\/08\/1H1A4024-1024x683.jpg 1024w, https:\/\/batirjeunesseausoleil.org\/wp-content\/uploads\/2022\/08\/1H1A4024-768x512.jpg 768w, https:\/\/batirjeunesseausoleil.org\/wp-content\/uploads\/2022\/08\/1H1A4024-1536x1024.jpg 1536w, https:\/\/batirjeunesseausoleil.org\/wp-content\/uploads\/2022\/08\/1H1A4024-2048x1365.jpg 2048w\" sizes=\"(max-width: 300px) 100vw, 300px\" \/><\/div>\n\t\t<\/a>\n\t\t\t\t<div class=\"elementor-post__text\">\n\t\t\t\t<h3 class=\"elementor-post__title\">\n\t\t\t<a href=\"https:\/\/batirjeunesseausoleil.org\/fr\/2022\/08\/17\/quest-ce-que-le-lorem-ipsum\/\" >\n\t\t\t\tLe gouvernement f\u00e9d\u00e9ral annonce 10,7 M$\t\t\t<\/a>\n\t\t<\/h3>\n\t\t\t\t<div class=\"elementor-post__excerpt\">\n\t\t\t<p>Le 19 ao\u00fbt 2022&#8211; Au nom de l&#8217;honorable Dominic LeBlanc, ministre des Affaires intergouvernementales, de l&#8217;Infrastructure et des Collectivit\u00e9s, Rachel Bendayan, secr\u00e9taire parlementaire du ministre<\/p>\n\t\t<\/div>\n\t\t\n\t\t<a class=\"elementor-post__read-more\" href=\"https:\/\/batirjeunesseausoleil.org\/fr\/2022\/08\/17\/quest-ce-que-le-lorem-ipsum\/\" aria-label=\"En savoir plus sur Le gouvernement f\u00e9d\u00e9ral annonce 10,7 M$\" tabindex=\"-1\" >\n\t\t\tLire la suite &gt;\t\t<\/a>\n\n\t\t\t\t<\/div>\n\t\t\t\t<\/article>\n\t\t\t\t<\/div>\n\t\t\n\t\t\t\t\t\t<\/div>\n\t\t\t\t<\/div>\n\t\t\t\t\t<\/div>\n\t\t<\/div>\n\t\t\t\t\t<\/div>\n\t\t<\/section>\n\t\t\t\t<\/div>\n\t\t","protected":false},"excerpt":{"rendered":"<p>Derni\u00e8res nouvelles<\/p>\n","protected":false},"author":1,"featured_media":0,"parent":0,"menu_order":0,"comment_status":"closed","ping_status":"closed","template":"","meta":{"footnotes":""},"class_list":["post-1675","page","type-page","status-publish","hentry"],"_links":{"self":[{"href":"https:\/\/batirjeunesseausoleil.org\/fr\/wp-json\/wp\/v2\/pages\/1675","targetHints":{"allow":["GET"]}}],"collection":[{"href":"https:\/\/batirjeunesseausoleil.org\/fr\/wp-json\/wp\/v2\/pages"}],"about":[{"href":"https:\/\/batirjeunesseausoleil.org\/fr\/wp-json\/wp\/v2\/types\/page"}],"author":[{"embeddable":true,"href":"https:\/\/batirjeunesseausoleil.org\/fr\/wp-json\/wp\/v2\/users\/1"}],"replies":[{"embeddable":true,"href":"https:\/\/batirjeunesseausoleil.org\/fr\/wp-json\/wp\/v2\/comments?post=1675"}],"version-history":[{"count":22,"href":"https:\/\/batirjeunesseausoleil.org\/fr\/wp-json\/wp\/v2\/pages\/1675\/revisions"}],"predecessor-version":[{"id":2922,"href":"https:\/\/batirjeunesseausoleil.org\/fr\/wp-json\/wp\/v2\/pages\/1675\/revisions\/2922"}],"wp:attachment":[{"href":"https:\/\/batirjeunesseausoleil.org\/fr\/wp-json\/wp\/v2\/media?parent=1675"}],"curies":[{"name":"wp","href":"https:\/\/api.w.org\/{rel}","templated":true}]}}